{"id":39,"date":"2020-09-04T22:26:43","date_gmt":"2020-09-04T22:26:43","guid":{"rendered":"http:\/\/zprs.cz\/?page_id=39"},"modified":"2025-12-11T18:45:18","modified_gmt":"2025-12-11T18:45:18","slug":"oteviraci-doba","status":"publish","type":"page","link":"https:\/\/zprs.cz\/index.php\/oteviraci-doba\/","title":{"rendered":"Otev\u00edrac\u00ed doba"},"content":{"rendered":"\n<p><strong>Na\u0161e otev\u00edrac\u00ed doba:<\/strong><\/p>\n\n\n\n<figure class=\"wp-block-table alignleft is-style-stripes\"><table><tbody><tr><td class=\"has-text-align-center\" data-align=\"center\">Pond\u011bl\u00ed<\/td><td>8:30<\/td><td>17:00<\/td><\/tr><tr><td class=\"has-text-align-center\" data-align=\"center\">\u00dater\u00fd<\/td><td>8:30<\/td><td>17:00<\/td><\/tr><tr><td class=\"has-text-align-center\" data-align=\"center\">St\u0159eda<\/td><td>8:30<\/td><td>17:00<\/td><\/tr><tr><td class=\"has-text-align-center\" data-align=\"center\">\u010ctvrtek<\/td><td>8:30<\/td><td>17:00<\/td><\/tr><tr><td class=\"has-text-align-center\" data-align=\"center\">P\u00e1tek<\/td><td>8:30<\/td><td>17:00<\/td><\/tr><tr><td class=\"has-text-align-center\" data-align=\"center\">Sobota<\/td><td>&#8212;<\/td><td>&#8212;<\/td><\/tr><tr><td class=\"has-text-align-center\" data-align=\"center\">Ned\u011ble<\/td><td>&#8212;<\/td><td>&#8212;<\/td><\/tr><\/tbody><\/table><figcaption class=\"wp-element-caption\">V dob\u011b letn\u00edch pr\u00e1zdnin otev\u0159eno do 16:30.<br><br><\/figcaption><\/figure>\n\n\n\n<p>Zm\u011bny otev\u00edrac\u00ed doby v obdob\u00ed v\u00e1no\u010dn\u00edch pr\u00e1zdnin 2025:<\/p>\n\n\n\n<ul>\n<li>\u00dater\u00fd 23. 12.    8:30 &#8211; 13:00<\/li>\n\n\n\n<li>St\u0159eda 24. 12. &#8211; ned\u011ble 28. 12. ZAV\u0158ENO<\/li>\n\n\n\n<li>Pond\u011bl\u00ed 29. 12.    9:00 &#8211; 16:00<\/li>\n\n\n\n<li>\u00dater\u00fd 30. 12.     9:00 &#8211; 16:00<\/li>\n\n\n\n<li>St\u0159eda 31. 12. &#8211; ned\u011ble 4. 1. 2026 ZAV\u0158ENO<\/li>\n<\/ul>\n","protected":false},"excerpt":{"rendered":"<p>Na\u0161e otev\u00edrac\u00ed doba: Pond\u011bl\u00ed 8:30 17:00 \u00dater\u00fd 8:30 17:00 St\u0159eda 8:30 17:00 \u010ctvrtek 8:30 17:00 P\u00e1tek 8:30 17:00 Sobota &#8212; &#8212; Ned\u011ble &#8212; &#8212; V dob\u011b letn\u00edch pr\u00e1zdnin otev\u0159eno do 16:30. Zm\u011bny otev\u00edrac\u00ed doby v obdob\u00ed v\u00e1no\u010dn\u00edch pr\u00e1zdnin 2025:<\/p>\n","protected":false},"author":1,"featured_media":0,"parent":0,"menu_order":11,"comment_status":"closed","ping_status":"closed","template":"","meta":[],"_links":{"self":[{"href":"https:\/\/zprs.cz\/index.php\/wp-json\/wp\/v2\/pages\/39"}],"collection":[{"href":"https:\/\/zprs.cz\/index.php\/wp-json\/wp\/v2\/pages"}],"about":[{"href":"https:\/\/zprs.cz\/index.php\/wp-json\/wp\/v2\/types\/page"}],"author":[{"embeddable":true,"href":"https:\/\/zprs.cz\/index.php\/wp-json\/wp\/v2\/users\/1"}],"replies":[{"embeddable":true,"href":"https:\/\/zprs.cz\/index.php\/wp-json\/wp\/v2\/comments?post=39"}],"version-history":[{"count":12,"href":"https:\/\/zprs.cz\/index.php\/wp-json\/wp\/v2\/pages\/39\/revisions"}],"predecessor-version":[{"id":119,"href":"https:\/\/zprs.cz\/index.php\/wp-json\/wp\/v2\/pages\/39\/revisions\/119"}],"wp:attachment":[{"href":"https:\/\/zprs.cz\/index.php\/wp-json\/wp\/v2\/media?parent=39"}],"curies":[{"name":"wp","href":"https:\/\/api.w.org\/{rel}","templated":true}]}}