{"id":58,"date":"2020-09-08T22:22:30","date_gmt":"2020-09-08T22:22:30","guid":{"rendered":"http:\/\/zprs.cz\/?page_id=58"},"modified":"2020-09-28T15:25:07","modified_gmt":"2020-09-28T15:25:07","slug":"kompenzacni-pomucky","status":"publish","type":"page","link":"https:\/\/zprs.cz\/index.php\/kompenzacni-pomucky\/","title":{"rendered":"Kompenza\u010dn\u00ed pom\u016fcky"},"content":{"rendered":"\n<p>Kompenza\u010dn\u00ed pom\u016fcky pom\u00e1haj\u00ed pacient\u016fm, kter\u00e9 tr\u00e1p\u00ed nemoc \u010di sn\u00ed\u017een\u00e1 pohyblivost k vy\u0161\u0161\u00ed sob\u011bsta\u010dnosti. Sortiment zahrnuje:<\/p>\n\n\n\n<ul><li>Pom\u016fcky k ch\u016fzi<\/li><li>Podlo\u017eky Antidekubitn\u00ed<\/li><li>Pom\u016fcky do koupelny<\/li><\/ul>\n","protected":false},"excerpt":{"rendered":"<p>Kompenza\u010dn\u00ed pom\u016fcky pom\u00e1haj\u00ed pacient\u016fm, kter\u00e9 tr\u00e1p\u00ed nemoc \u010di sn\u00ed\u017een\u00e1 pohyblivost k vy\u0161\u0161\u00ed sob\u011bsta\u010dnosti. Sortiment zahrnuje: Pom\u016fcky k ch\u016fzi Podlo\u017eky Antidekubitn\u00ed Pom\u016fcky do koupelny<\/p>\n","protected":false},"author":1,"featured_media":0,"parent":0,"menu_order":1,"comment_status":"closed","ping_status":"closed","template":"","meta":[],"_links":{"self":[{"href":"https:\/\/zprs.cz\/index.php\/wp-json\/wp\/v2\/pages\/58"}],"collection":[{"href":"https:\/\/zprs.cz\/index.php\/wp-json\/wp\/v2\/pages"}],"about":[{"href":"https:\/\/zprs.cz\/index.php\/wp-json\/wp\/v2\/types\/page"}],"author":[{"embeddable":true,"href":"https:\/\/zprs.cz\/index.php\/wp-json\/wp\/v2\/users\/1"}],"replies":[{"embeddable":true,"href":"https:\/\/zprs.cz\/index.php\/wp-json\/wp\/v2\/comments?post=58"}],"version-history":[{"count":3,"href":"https:\/\/zprs.cz\/index.php\/wp-json\/wp\/v2\/pages\/58\/revisions"}],"predecessor-version":[{"id":105,"href":"https:\/\/zprs.cz\/index.php\/wp-json\/wp\/v2\/pages\/58\/revisions\/105"}],"wp:attachment":[{"href":"https:\/\/zprs.cz\/index.php\/wp-json\/wp\/v2\/media?parent=58"}],"curies":[{"name":"wp","href":"https:\/\/api.w.org\/{rel}","templated":true}]}}