{"id":64,"date":"2020-09-08T22:34:52","date_gmt":"2020-09-08T22:34:52","guid":{"rendered":"http:\/\/zprs.cz\/?page_id=64"},"modified":"2020-09-08T22:34:52","modified_gmt":"2020-09-08T22:34:52","slug":"inkontinencni-pomucky","status":"publish","type":"page","link":"https:\/\/zprs.cz\/index.php\/inkontinencni-pomucky\/","title":{"rendered":"Inkontinen\u010dn\u00ed pom\u016fcky"},"content":{"rendered":"\n<p>Inkontinence neboli samovoln\u00fd \u00fanik mo\u010di tr\u00e1p\u00ed zpravidla \u017eeny ve st\u0159edn\u00edm a \u017eeny i mu\u017ee vy\u0161\u0161\u00edm v\u011bku. Sortiment zahrnuje:<\/p>\n\n\n\n<ul><li>Vlo\u017eky Inkontinen\u010dn\u00ed pro \u017eeny<\/li><li>Vlo\u017eky Inkontinen\u010dn\u00ed pro mu\u017ee<\/li><li>Plenkov\u00e9 Inkontinen\u010dn\u00ed kalhotky<\/li><li>Podlo\u017eky inkontinen\u010dn\u00ed<\/li><li>D\u011btsk\u00e1 Inkontinence<\/li><\/ul>\n","protected":false},"excerpt":{"rendered":"<p>Inkontinence neboli samovoln\u00fd \u00fanik mo\u010di tr\u00e1p\u00ed zpravidla \u017eeny ve st\u0159edn\u00edm a \u017eeny i mu\u017ee vy\u0161\u0161\u00edm v\u011bku. Sortiment zahrnuje: Vlo\u017eky Inkontinen\u010dn\u00ed pro \u017eeny Vlo\u017eky Inkontinen\u010dn\u00ed pro mu\u017ee Plenkov\u00e9 Inkontinen\u010dn\u00ed kalhotky Podlo\u017eky inkontinen\u010dn\u00ed D\u011btsk\u00e1 Inkontinence<\/p>\n","protected":false},"author":1,"featured_media":0,"parent":0,"menu_order":0,"comment_status":"closed","ping_status":"closed","template":"","meta":[],"_links":{"self":[{"href":"https:\/\/zprs.cz\/index.php\/wp-json\/wp\/v2\/pages\/64"}],"collection":[{"href":"https:\/\/zprs.cz\/index.php\/wp-json\/wp\/v2\/pages"}],"about":[{"href":"https:\/\/zprs.cz\/index.php\/wp-json\/wp\/v2\/types\/page"}],"author":[{"embeddable":true,"href":"https:\/\/zprs.cz\/index.php\/wp-json\/wp\/v2\/users\/1"}],"replies":[{"embeddable":true,"href":"https:\/\/zprs.cz\/index.php\/wp-json\/wp\/v2\/comments?post=64"}],"version-history":[{"count":1,"href":"https:\/\/zprs.cz\/index.php\/wp-json\/wp\/v2\/pages\/64\/revisions"}],"predecessor-version":[{"id":65,"href":"https:\/\/zprs.cz\/index.php\/wp-json\/wp\/v2\/pages\/64\/revisions\/65"}],"wp:attachment":[{"href":"https:\/\/zprs.cz\/index.php\/wp-json\/wp\/v2\/media?parent=64"}],"curies":[{"name":"wp","href":"https:\/\/api.w.org\/{rel}","templated":true}]}}