{"id":66,"date":"2020-09-08T22:39:22","date_gmt":"2020-09-08T22:39:22","guid":{"rendered":"http:\/\/zprs.cz\/?page_id=66"},"modified":"2020-09-08T23:11:14","modified_gmt":"2020-09-08T23:11:14","slug":"tlakomery-a-glukometry","status":"publish","type":"page","link":"https:\/\/zprs.cz\/index.php\/tlakomery-a-glukometry\/","title":{"rendered":"Tlakom\u011bry a Glukometry"},"content":{"rendered":"\n<p>P\u0159\u00edstroje pro kontrolu krevn\u00edho tlaku a hladiny cukru v krvi pro dom\u00e1c\u00ed pot\u0159ebu. Sortiment zahrnuje:<\/p>\n\n\n\n<ul><li>Tonometry s balonkem<\/li><li>Tonometry automatick\u00e9<\/li><li>Glukometry<\/li><li>Testovac\u00ed prou\u017eky do glukometr\u016f<\/li><\/ul>\n","protected":false},"excerpt":{"rendered":"<p>P\u0159\u00edstroje pro kontrolu krevn\u00edho tlaku a hladiny cukru v krvi pro dom\u00e1c\u00ed pot\u0159ebu. Sortiment zahrnuje: Tonometry s balonkem Tonometry automatick\u00e9 Glukometry Testovac\u00ed prou\u017eky do glukometr\u016f<\/p>\n","protected":false},"author":1,"featured_media":0,"parent":0,"menu_order":6,"comment_status":"closed","ping_status":"closed","template":"","meta":[],"_links":{"self":[{"href":"https:\/\/zprs.cz\/index.php\/wp-json\/wp\/v2\/pages\/66"}],"collection":[{"href":"https:\/\/zprs.cz\/index.php\/wp-json\/wp\/v2\/pages"}],"about":[{"href":"https:\/\/zprs.cz\/index.php\/wp-json\/wp\/v2\/types\/page"}],"author":[{"embeddable":true,"href":"https:\/\/zprs.cz\/index.php\/wp-json\/wp\/v2\/users\/1"}],"replies":[{"embeddable":true,"href":"https:\/\/zprs.cz\/index.php\/wp-json\/wp\/v2\/comments?post=66"}],"version-history":[{"count":1,"href":"https:\/\/zprs.cz\/index.php\/wp-json\/wp\/v2\/pages\/66\/revisions"}],"predecessor-version":[{"id":67,"href":"https:\/\/zprs.cz\/index.php\/wp-json\/wp\/v2\/pages\/66\/revisions\/67"}],"wp:attachment":[{"href":"https:\/\/zprs.cz\/index.php\/wp-json\/wp\/v2\/media?parent=66"}],"curies":[{"name":"wp","href":"https:\/\/api.w.org\/{rel}","templated":true}]}}