{"id":68,"date":"2020-09-08T22:42:10","date_gmt":"2020-09-08T22:42:10","guid":{"rendered":"http:\/\/zprs.cz\/?page_id=68"},"modified":"2020-09-28T15:26:28","modified_gmt":"2020-09-28T15:26:28","slug":"kompresni-puncochy","status":"publish","type":"page","link":"https:\/\/zprs.cz\/index.php\/kompresni-puncochy\/","title":{"rendered":"Kompresivn\u00ed pun\u010dochy"},"content":{"rendered":"\n<p>Skupina kompresivn\u00ed zdravotn\u00ed pun\u010dochy pat\u0159\u00ed mezi nejroz\u0161\u00ed\u0159en\u011bj\u0161\u00ed kategorie a nejv\u00edce popt\u00e1van\u00e9. Kompresivn\u00ed pun\u010dochy se d\u011bl\u00ed do n\u011bkolika kompresivn\u00edch t\u0159\u00edd:<\/p>\n\n\n\n<p><br><strong>Pun\u010dochy I. KT (18-21 mm Hg)<\/strong> jsou ur\u010deny k prevenci a sni\u017euj\u00ed pot\u00ed\u017ee po\u010d\u00ednaj\u00edc\u00ed \u017eiln\u00ed nedostate\u010dnosti &#8211; pocit \u00fanavy, t\u00edhy a nap\u011bt\u00ed v nohou. Jejich pou\u017eit\u00ed je tak\u00e9 vhodn\u00e9 p\u0159i v\u00fdskytu drobn\u00fdch \u017eilek na doln\u00edch kon\u010detin\u00e1ch, jako prevence proti rozvoji k\u0159e\u010dov\u00fdch \u017eil v t\u011bhotenstv\u00ed<a href=\"http:\/\/www.zdravotnicke-potreby.cz\/15924-puncochove-kalhoty-kompresivni-tehotenske-micro-a-tu.html\"> <\/a>\u010di jako prevence hlubok\u00e9ho z\u00e1n\u011btu \u017eil. Jsou rovn\u011b\u017e vhodn\u00e9 p\u0159i dlouhodob\u00e9m sezen\u00ed, st\u00e1n\u00ed a p\u0159i cestov\u00e1n\u00ed jako prevence proti vzniku cestovn\u00ed tromb\u00f3zy.<\/p>\n\n\n\n<p><strong><strong>Pun\u010dochy II. KT<\/strong><\/strong> <strong>(23-32 mm Hg)<\/strong> jsou ur\u010deny k l\u00e9\u010db\u011b chronick\u00e9 \u017eiln\u00ed nedostate\u010dnosti, pro pacienty s nekomplikovan\u00fdmi varixy a ed\u00e9my a tak\u00e9 pro pacienty po operac\u00edch, sklerotizaci, m\u00e9n\u011b z\u00e1va\u017en\u00fdch z\u00e1n\u011btech \u017eil apo tromb\u00f3z\u00e1ch.<\/p>\n\n\n\n<p><strong><strong><strong>Pun\u010dochy III. KT<\/strong><\/strong><\/strong> <strong>(34-46 mm Hg)<\/strong> jsou ur\u010deny pro pacienty s t\u011b\u017ek\u00fdmi formami varix\u016f a tak\u00e9 pro pacienty po operac\u00edch, sklerotizaci, z\u00e1va\u017en\u00fdch z\u00e1n\u011btech \u017eil a po tromb\u00f3z\u00e1ch.&nbsp;&nbsp; &nbsp; &nbsp; &nbsp; &nbsp; &nbsp; &nbsp; &nbsp; &nbsp; &nbsp; &nbsp; &nbsp; &nbsp; &nbsp; &nbsp; &nbsp; &nbsp; &nbsp; &nbsp; &nbsp; &nbsp; &nbsp; &nbsp; &nbsp; &nbsp; &nbsp; &nbsp; &nbsp; &nbsp; &nbsp; &nbsp; &nbsp; &nbsp; &nbsp; &nbsp; &nbsp; &nbsp; &nbsp; &nbsp; &nbsp; &nbsp; &nbsp; &nbsp; &nbsp; &nbsp; &nbsp; &nbsp; &nbsp; &nbsp; &nbsp; &nbsp; &nbsp; &nbsp; &nbsp; &nbsp;<\/p>\n","protected":false},"excerpt":{"rendered":"<p>Skupina kompresivn\u00ed zdravotn\u00ed pun\u010dochy pat\u0159\u00ed mezi nejroz\u0161\u00ed\u0159en\u011bj\u0161\u00ed kategorie a nejv\u00edce popt\u00e1van\u00e9. Kompresivn\u00ed pun\u010dochy se d\u011bl\u00ed do n\u011bkolika kompresivn\u00edch t\u0159\u00edd: Pun\u010dochy I. KT (18-21 mm Hg) jsou ur\u010deny k prevenci a sni\u017euj\u00ed pot\u00ed\u017ee po\u010d\u00ednaj\u00edc\u00ed \u017eiln\u00ed nedostate\u010dnosti &#8211; pocit \u00fanavy, t\u00edhy a nap\u011bt\u00ed v nohou. Jejich pou\u017eit\u00ed je tak\u00e9 vhodn\u00e9 p\u0159i v\u00fdskytu drobn\u00fdch \u017eilek na doln\u00edch kon\u010detin\u00e1ch, [&hellip;]<\/p>\n","protected":false},"author":1,"featured_media":0,"parent":0,"menu_order":2,"comment_status":"closed","ping_status":"closed","template":"","meta":[],"_links":{"self":[{"href":"https:\/\/zprs.cz\/index.php\/wp-json\/wp\/v2\/pages\/68"}],"collection":[{"href":"https:\/\/zprs.cz\/index.php\/wp-json\/wp\/v2\/pages"}],"about":[{"href":"https:\/\/zprs.cz\/index.php\/wp-json\/wp\/v2\/types\/page"}],"author":[{"embeddable":true,"href":"https:\/\/zprs.cz\/index.php\/wp-json\/wp\/v2\/users\/1"}],"replies":[{"embeddable":true,"href":"https:\/\/zprs.cz\/index.php\/wp-json\/wp\/v2\/comments?post=68"}],"version-history":[{"count":5,"href":"https:\/\/zprs.cz\/index.php\/wp-json\/wp\/v2\/pages\/68\/revisions"}],"predecessor-version":[{"id":107,"href":"https:\/\/zprs.cz\/index.php\/wp-json\/wp\/v2\/pages\/68\/revisions\/107"}],"wp:attachment":[{"href":"https:\/\/zprs.cz\/index.php\/wp-json\/wp\/v2\/media?parent=68"}],"curies":[{"name":"wp","href":"https:\/\/api.w.org\/{rel}","templated":true}]}}