{"id":72,"date":"2020-09-08T22:53:40","date_gmt":"2020-09-08T22:53:40","guid":{"rendered":"http:\/\/zprs.cz\/?page_id=72"},"modified":"2020-09-28T15:26:58","modified_gmt":"2020-09-28T15:26:58","slug":"osetreni-ran","status":"publish","type":"page","link":"https:\/\/zprs.cz\/index.php\/osetreni-ran\/","title":{"rendered":"O\u0161et\u0159en\u00ed ran"},"content":{"rendered":"\n<p>Mezi na\u0161imi produkty najdete nejr\u016fzn\u011bj\u0161\u00ed n\u00e1plasti, obvazy a obinadla, ale tak\u00e9 sady pro p\u0159evazy ran \u010di odstran\u011bn\u00ed steh\u016f, kter\u00e9 v\u00e1m pom\u016f\u017eou v dom\u00e1c\u00ed p\u00e9\u010di a zajist\u00ed co nejlep\u0161\u00ed hojen\u00ed ran. Sortiment zahrnuje:<\/p>\n\n\n\n<ul><li>N\u00e1plasti<\/li><li>Obinadla<\/li><li>Obvazy<\/li><li>Tampony a vata<\/li><li>Kryt\u00ed na r\u00e1ny<\/li><li>Sady a l\u00e9k\u00e1rni\u010dky<\/li><\/ul>\n","protected":false},"excerpt":{"rendered":"<p>Mezi na\u0161imi produkty najdete nejr\u016fzn\u011bj\u0161\u00ed n\u00e1plasti, obvazy a obinadla, ale tak\u00e9 sady pro p\u0159evazy ran \u010di odstran\u011bn\u00ed steh\u016f, kter\u00e9 v\u00e1m pom\u016f\u017eou v dom\u00e1c\u00ed p\u00e9\u010di a zajist\u00ed co nejlep\u0161\u00ed hojen\u00ed ran. Sortiment zahrnuje: N\u00e1plasti Obinadla Obvazy Tampony a vata Kryt\u00ed na r\u00e1ny Sady a l\u00e9k\u00e1rni\u010dky<\/p>\n","protected":false},"author":1,"featured_media":0,"parent":0,"menu_order":4,"comment_status":"closed","ping_status":"closed","template":"","meta":[],"_links":{"self":[{"href":"https:\/\/zprs.cz\/index.php\/wp-json\/wp\/v2\/pages\/72"}],"collection":[{"href":"https:\/\/zprs.cz\/index.php\/wp-json\/wp\/v2\/pages"}],"about":[{"href":"https:\/\/zprs.cz\/index.php\/wp-json\/wp\/v2\/types\/page"}],"author":[{"embeddable":true,"href":"https:\/\/zprs.cz\/index.php\/wp-json\/wp\/v2\/users\/1"}],"replies":[{"embeddable":true,"href":"https:\/\/zprs.cz\/index.php\/wp-json\/wp\/v2\/comments?post=72"}],"version-history":[{"count":2,"href":"https:\/\/zprs.cz\/index.php\/wp-json\/wp\/v2\/pages\/72\/revisions"}],"predecessor-version":[{"id":108,"href":"https:\/\/zprs.cz\/index.php\/wp-json\/wp\/v2\/pages\/72\/revisions\/108"}],"wp:attachment":[{"href":"https:\/\/zprs.cz\/index.php\/wp-json\/wp\/v2\/media?parent=72"}],"curies":[{"name":"wp","href":"https:\/\/api.w.org\/{rel}","templated":true}]}}