{"id":74,"date":"2020-09-08T22:57:08","date_gmt":"2020-09-08T22:57:08","guid":{"rendered":"http:\/\/zprs.cz\/?page_id=74"},"modified":"2020-09-09T20:14:38","modified_gmt":"2020-09-09T20:14:38","slug":"poukazy-na-zdravotni-pomucky","status":"publish","type":"page","link":"https:\/\/zprs.cz\/index.php\/poukazy-na-zdravotni-pomucky\/","title":{"rendered":"V\u00fddej zdravotnick\u00fdch pom\u016fcek na poukazy"},"content":{"rendered":"\n<p>P\u0159ij\u00edm\u00e1me poukazy od poji\u0161t\u011bnc\u016f v\u0161ech zdravotn\u00edch poji\u0161toven. <\/p>\n","protected":false},"excerpt":{"rendered":"<p>P\u0159ij\u00edm\u00e1me poukazy od poji\u0161t\u011bnc\u016f v\u0161ech zdravotn\u00edch poji\u0161toven.<\/p>\n","protected":false},"author":1,"featured_media":0,"parent":0,"menu_order":5,"comment_status":"closed","ping_status":"closed","template":"","meta":[],"_links":{"self":[{"href":"https:\/\/zprs.cz\/index.php\/wp-json\/wp\/v2\/pages\/74"}],"collection":[{"href":"https:\/\/zprs.cz\/index.php\/wp-json\/wp\/v2\/pages"}],"about":[{"href":"https:\/\/zprs.cz\/index.php\/wp-json\/wp\/v2\/types\/page"}],"author":[{"embeddable":true,"href":"https:\/\/zprs.cz\/index.php\/wp-json\/wp\/v2\/users\/1"}],"replies":[{"embeddable":true,"href":"https:\/\/zprs.cz\/index.php\/wp-json\/wp\/v2\/comments?post=74"}],"version-history":[{"count":3,"href":"https:\/\/zprs.cz\/index.php\/wp-json\/wp\/v2\/pages\/74\/revisions"}],"predecessor-version":[{"id":102,"href":"https:\/\/zprs.cz\/index.php\/wp-json\/wp\/v2\/pages\/74\/revisions\/102"}],"wp:attachment":[{"href":"https:\/\/zprs.cz\/index.php\/wp-json\/wp\/v2\/media?parent=74"}],"curies":[{"name":"wp","href":"https:\/\/api.w.org\/{rel}","templated":true}]}}