{"id":76,"date":"2020-09-08T23:02:05","date_gmt":"2020-09-08T23:02:05","guid":{"rendered":"http:\/\/zprs.cz\/?page_id=76"},"modified":"2020-09-08T23:08:39","modified_gmt":"2020-09-08T23:08:39","slug":"a-mnoho-dalsich-vyrobku","status":"publish","type":"page","link":"https:\/\/zprs.cz\/index.php\/a-mnoho-dalsich-vyrobku\/","title":{"rendered":"&#8230; a mnoho dal\u0161\u00edch v\u00fdrobk\u016f"},"content":{"rendered":"\n<ul><li>P\u0159\u00edrodn\u00ed kosmetika<\/li><li>\u00dastn\u00ed hygiena<\/li><li>L\u00e9ka\u0159sk\u00e9 n\u00e1stroje (chirurgick\u00e9 a dent\u00e1ln\u00ed0<\/li><li>P\u00e9\u010de o matku a d\u00edt\u011b<\/li><\/ul>\n\n\n\n<p>Kontaktujte n\u00e1s pro kompletn\u00ed informaci o na\u0161em sortimentu.<\/p>\n","protected":false},"excerpt":{"rendered":"<p>P\u0159\u00edrodn\u00ed kosmetika \u00dastn\u00ed hygiena L\u00e9ka\u0159sk\u00e9 n\u00e1stroje (chirurgick\u00e9 a dent\u00e1ln\u00ed0 P\u00e9\u010de o matku a d\u00edt\u011b Kontaktujte n\u00e1s pro kompletn\u00ed informaci o na\u0161em sortimentu.<\/p>\n","protected":false},"author":1,"featured_media":0,"parent":0,"menu_order":8,"comment_status":"closed","ping_status":"closed","template":"","meta":[],"_links":{"self":[{"href":"https:\/\/zprs.cz\/index.php\/wp-json\/wp\/v2\/pages\/76"}],"collection":[{"href":"https:\/\/zprs.cz\/index.php\/wp-json\/wp\/v2\/pages"}],"about":[{"href":"https:\/\/zprs.cz\/index.php\/wp-json\/wp\/v2\/types\/page"}],"author":[{"embeddable":true,"href":"https:\/\/zprs.cz\/index.php\/wp-json\/wp\/v2\/users\/1"}],"replies":[{"embeddable":true,"href":"https:\/\/zprs.cz\/index.php\/wp-json\/wp\/v2\/comments?post=76"}],"version-history":[{"count":1,"href":"https:\/\/zprs.cz\/index.php\/wp-json\/wp\/v2\/pages\/76\/revisions"}],"predecessor-version":[{"id":77,"href":"https:\/\/zprs.cz\/index.php\/wp-json\/wp\/v2\/pages\/76\/revisions\/77"}],"wp:attachment":[{"href":"https:\/\/zprs.cz\/index.php\/wp-json\/wp\/v2\/media?parent=76"}],"curies":[{"name":"wp","href":"https:\/\/api.w.org\/{rel}","templated":true}]}}